{"id":3,"date":"2021-05-06T10:04:17","date_gmt":"2021-05-06T10:04:17","guid":{"rendered":"http:\/\/performancetrainers.nl\/?page_id=3"},"modified":"2021-07-27T23:53:18","modified_gmt":"2021-07-27T21:53:18","slug":"privacybeleid","status":"publish","type":"page","link":"https:\/\/performancetrainers.nl\/de\/datenschutz-bestimmungen","title":{"rendered":"Datenschutz-Bestimmungen"},"content":{"rendered":"<p><span style=\"font-weight: 400;\">Wir ber\u00fccksichtigen die Gesetzgebung bez\u00fcglich unserer Privatsph\u00e4re. Wir nennen das AVG-Proof. Auf dieser Seite finden Sie alle Informationen dar\u00fcber, wie wir Ihre Privatsph\u00e4re gew\u00e4hrleisten. Wenn Sie Fragen zu Ihrer Privatsph\u00e4re aufgrund dieser Seite haben, senden Sie bitte eine E-Mail an\u00a0<\/span><a href=\"mailto:info@performancetrainers.nl\"><span style=\"font-weight: 400;\">info@performancetrainers.nl<\/span><\/a><\/p>\r\n<p>&nbsp;<\/p>\r\n<p><b>Datenschutz-Bestimmungen<\/b><\/p>\r\n<p><span style=\"font-weight: 400;\">Grunds\u00e4tzlich besteht f\u00fcr Sie keine (gesetzliche) Verpflichtung, uns personenbezogene Daten mitzuteilen. M\u00f6chten Sie unsere Dienste nutzen? Dann ben\u00f6tigen wir die abgefragten Daten, um unseren Service ordnungsgem\u00e4\u00df erbringen zu k\u00f6nnen.<\/span><\/p>\r\n<h2 class=\"wp-block-heading\">\u00a0<\/h2>\r\n<p><b>Die Cookies auf der Website<\/b><\/p>\r\n<p><span style=\"font-weight: 400;\">Sie sehen es auf jeder Seite: Cookies. Wir w\u00fcrden sie lieber essen, als Ihnen ein ganzes St\u00fcck Text zu geben. Es ist jedoch wichtig zu bedenken, was mit Ihren Daten passiert. Nachfolgend beschreiben wir, wie Sie mit dem Datenschutz bei PerformanceTrainers umgehen. Bei Fragen schreiben Sie uns gerne eine E-Mail!<\/span><\/p>\r\n<h2>\u00a0<\/h2>\r\n<p><span style=\"font-weight: 400;\">Cookies sind kleine Textdateien, in denen Informationen gespeichert werden. Diese Textdateien werden von Dritten \u00fcber unsere Website auf Ihrem Computer oder Mobilger\u00e4t abgelegt. Bei Ihrem n\u00e4chsten Besuch lesen unsere Website und die Anwendungen anderer Parteien beispielsweise Ihre Pr\u00e4ferenzen oder Anmeldedaten in der Textdatei. Dadurch m\u00fcssen Sie nicht jedes Mal Ihre Pr\u00e4ferenzen angeben und wir k\u00f6nnen die Website benutzerfreundlicher gestalten<\/span><\/p>\r\n<h2>\u00a0<\/h2>\r\n<p><b>Funktionale Cookies \u2013 Website anzeigen<\/b><\/p>\r\n<p><span style=\"font-weight: 400;\">Die Website platziert funktionale Cookies, damit unsere Website ordnungsgem\u00e4\u00df funktioniert. Zu diesem Zweck platzieren wir auch Google Analytics-Cookies, die anonymisierte Daten \u00fcber die Nutzung der Website liefern.<\/span><\/p>\r\n<p><span style=\"font-weight: 400;\">Es ist keine Erlaubnis erforderlich, um diese Cookies zu platzieren. Dies sind Cookies, die sicherstellen, dass Anzeigeeinstellungen gespeichert werden, Informationen gespeichert werden, wenn Sie zu einer anderen Unterseite wechseln, die Website ordnungsgem\u00e4\u00df auf Ihrem Bildschirm angezeigt wird, es gespeichert wird, ob Sie die Erlaubnis zum Setzen von Cookies erteilt haben, Missbrauch aufgesp\u00fcrt werden kann .<\/span><\/p>\r\n<h2>\u00a0<\/h2>\r\n<p><b>Forschungs-Cookies \u2013 Website verbessern<\/b><\/p>\r\n<p><span style=\"font-weight: 400;\">Von Zeit zu Zeit verpflichten wir uns, die Website zu verbessern. Unter anderem durch die Analyse, wie Besucher, einschlie\u00dflich Ihnen, die Website nutzen, wie Sie die Website gefunden haben und wo m\u00f6gliche Engp\u00e4sse bestehen. Hierzu werden Cookies von Google Analytics, Hotjar und Google Optimizer gesetzt.<\/span><\/p>\r\n<h2>\u00a0<\/h2>\r\n<p><b>Social-Media- und YouTube-Cookies \u2013 Einstellungen speichern<\/b><\/p>\r\n<p><span style=\"font-weight: 400;\">Um Inhalte der Website in sozialen Medien teilen zu k\u00f6nnen, platzieren Facebook und Instagram Cookies. YouTube platziert Cookies, um Videos anzusehen. Sie m\u00fcssen diese Cookies akzeptieren, um bestimmte Materialien von diesen Plattformen leicht sehen zu k\u00f6nnen, etwas von dieser Seite zu speichern und\/oder schnell zu Ihrem Konto auf einer dieser Plattformen zu navigieren.<\/span><\/p>\r\n<h2>\u00a0<\/h2>\r\n<p><b>Tracking-Cookies \u2013 Marketing\u00a0<\/b><\/p>\r\n<p><span style=\"font-weight: 400;\">Falls wir Werbung von Drittanbietern oder nicht anonyme Analysedaten zulassen m\u00f6chten, m\u00fcssen Sie zun\u00e4chst Tracking-Cookies akzeptieren. Der Vorteil dieser Cookies besteht darin, dass Sie m\u00f6glicherweise auf Sie zugeschnittene Werbung von Werbenetzwerken sehen. Cookies, die darunter fallen k\u00f6nnen, stammen von Tradetracker, Adsense und\/oder Facebook.<\/span><\/p>\r\n<h2>\u00a0<\/h2>\r\n<p><b>Cookie-Auswahl anpassen<\/b><\/p>\r\n<p><span style=\"font-weight: 400;\">Klicken Sie hier, um Ihre Cookie-Einstellungen f\u00fcr die Website anzupassen. Oder Sie k\u00f6nnen Cookies \u00fcber die Einstellungen Ihres Internetbrowsers l\u00f6schen. Wie Sie das tun k\u00f6nnen <\/span><a href=\"https:\/\/www.consumentenbond.nl\/internet-privacy\/cookies-verwijderen\"><span style=\"font-weight: 400;\">hier<\/span><\/a><span style=\"font-weight: 400;\"> gut erkl\u00e4rt auf der Website des Verbraucherverbandes.<\/span><\/p>\r\n<h2>\u00a0<\/h2>\r\n<p><b>Kommentare<\/b><\/p>\r\n<p><span style=\"font-weight: 400;\">Wenn Besucher Kommentare auf der Website hinterlassen, erfassen wir die im Kommentarformular angezeigten Daten sowie die IP-Adresse des Besuchers und die Zeichenfolge des Browser-Benutzeragenten, um die Spam-Erkennung zu unterst\u00fctzen.<\/span><\/p>\r\n<p><span style=\"font-weight: 400;\">Eine anonymisierte Zeichenfolge, die aus Ihrer E-Mail-Adresse erstellt wird (auch als Hash bezeichnet), kann an den Gravatar-Dienst gesendet werden, wenn Sie ihn verwenden. Die Seite mit den Datenschutzbestimmungen finden Sie hier: https:\/\/automattic.com\/privacy\/. Nachdem Ihr Kommentar genehmigt wurde, wird Ihr Profilbild im Kontext Ihres Kommentars \u00f6ffentlich sichtbar.<\/span><\/p>\r\n<h2>\u00a0<\/h2>\r\n<p><span style=\"font-weight: 400;\">Personenbezogene Daten werden nicht allein durch Benutzerinteraktionen mit der Website erstellt. Personenbezogene Daten werden auch durch technische Prozesse wie Kontaktformulare, Antworten, Analysen und Einbettungen von Drittanbietern generiert.<\/span><\/p>\r\n<p><span style=\"font-weight: 400;\">Standardm\u00e4\u00dfig sammelt WordPress keine personenbezogenen Daten \u00fcber Besucher, sondern nur die Daten, die im Benutzerprofil-Bildschirm registrierter Benutzer angezeigt werden.<\/span><\/p>\r\n<p><span style=\"font-weight: 400;\">Bei der Beantwortung ist es zwingend erforderlich, eine E-Mail-Adresse und einen Namen zu hinterlassen. Sie haben die M\u00f6glichkeit, Ihre Daten f\u00fcr das n\u00e4chste Mal zu speichern. Optional ist Ihre Website.<\/span><\/p>\r\n<h2>\u00a0<\/h2>\r\n<p><b>Online-Shop<\/b><\/p>\r\n<h2>\u00a0<\/h2>\r\n<p><span style=\"font-weight: 400;\">Der Webshop wird von WooCommerce gehostet. Lies das <\/span><a href=\"https:\/\/automattic.com\/privacy\/\"><span style=\"font-weight: 400;\">WooCommerce-Datenschutzrichtlinie<\/span><\/a><span style=\"font-weight: 400;\">. Das WooCommerce-Programm ist in die WordPress-Website integriert. Sie haben daher ihre eigenen Bedingungen. Die Entscheidungen, die wir in WooCommerce getroffen haben, sind, dass wir ausstehende Bestellungen 1 Jahr lang aufbewahren, abgeschlossene Bestellungen 3 Jahre lang. Der Grund daf\u00fcr ist, dass wir immer zur\u00fcckblicken k\u00f6nnen, was im Webshop passiert ist.<\/span><\/p>\r\n<h2>\u00a0<\/h2>\r\n<p><span style=\"font-weight: 400;\">Wenn Sie bezahlen, m\u00fcssen Sie sich mit einem Zahlungssystem auseinandersetzen. Daf\u00fcr verwenden wir Mollie, unserer Meinung nach das sicherste Zahlungssystem, das es gibt. Mollie hat eine umfangreiche <\/span><a href=\"https:\/\/www.mollie.com\/nl\/privacy\"><span style=\"font-weight: 400;\">Datenschutz-Bestimmungen<\/span><\/a><span style=\"font-weight: 400;\"> So k\u00f6nnen Sie genau nachlesen, was mit Ihren wichtigen Informationen passiert.<\/span><\/p>\r\n<h2>\u00a0<\/h2>\r\n<p><span style=\"font-weight: 400;\">Ihre Adresse ist im WooCommerce-System sicher, wo wir ein zweistufiges Verifizierungs-Login haben.<\/span><\/p>\r\n<h2>\u00a0<\/h2>\r\n<p><b>Analytik<\/b><\/p>\r\n<p><b>Mit wem wir Ihre Daten teilen<\/b><\/p>\r\n<p><span style=\"font-weight: 400;\">Die Website ist mit Google Analytics verkn\u00fcpft. Auf diese Weise k\u00f6nnen wir genau sehen, wer bei den Besuchern ist. Google Analytics ist ein kostenloses Tool zum Anzeigen der Statistiken Ihrer Website. Auf diese Weise k\u00f6nnen Sie sehen, woher die Besucher kommen, wie sie auf Ihre Website gelangt sind, welche Seiten sie besucht haben, aber auch wie lange sie dort geblieben sind.\u00a0<\/span><\/p>\r\n<h2>\u00a0<\/h2>\r\n<p><b>Wie lange wir Ihre Daten aufbewahren<\/b><\/p>\r\n<p><span style=\"font-weight: 400;\">Wenn Sie einen Kommentar hinterlassen, werden dieser Kommentar und die Metadaten dieses Kommentars f\u00fcr immer gespeichert. Auf diese Weise k\u00f6nnen wir Folgekommentare automatisch erkennen und genehmigen, anstatt sie zu moderieren.<\/span><\/p>\r\n<h2>\u00a0<\/h2>\r\n<p><span style=\"font-weight: 400;\">F\u00fcr auf unserer Website registrierte Benutzer (falls zutreffend) speichern wir auch pers\u00f6nliche Informationen in ihrem Benutzerprofil. Alle Benutzer k\u00f6nnen ihre pers\u00f6nlichen Daten jederzeit einsehen, \u00e4ndern oder l\u00f6schen (der Benutzername kann nicht ge\u00e4ndert werden). Website-Administratoren k\u00f6nnen diese Informationen auch anzeigen und \u00e4ndern.<\/span><\/p>\r\n<h2>\u00a0<\/h2>\r\n<p><b>Welche Rechte Sie an Ihren Daten haben<\/b><\/p>\r\n<p><span style=\"font-weight: 400;\">Wenn Sie ein Konto auf dieser Website haben oder Kommentare hinterlassen haben, k\u00f6nnen Sie eine exportierte Datei der personenbezogenen Daten anfordern, die wir \u00fcber Sie gespeichert haben, einschlie\u00dflich aller Daten, die Sie uns zur Verf\u00fcgung gestellt haben. Sie k\u00f6nnen auch verlangen, dass wir alle personenbezogenen Daten l\u00f6schen, die wir \u00fcber Sie gespeichert haben. Dies umfasst keine Daten, die wir aus administrativen, rechtlichen oder Sicherheitsgr\u00fcnden aufbewahren m\u00fcssen.<\/span><\/p>\r\n<h2>\u00a0<\/h2>\r\n<p><b>Wohin wir Ihre Daten senden<\/b><\/p>\r\n<p><span style=\"font-weight: 400;\">Besucherkommentare k\u00f6nnen durch einen automatisierten Spam-Erkennungsdienst geleitet werden. Wenn Sie ein Konto auf dieser Website haben oder Kommentare hinterlassen haben, k\u00f6nnen Sie eine exportierte Datei der personenbezogenen Daten anfordern, die wir \u00fcber Sie gespeichert haben, einschlie\u00dflich aller Daten, die Sie uns zur Verf\u00fcgung gestellt haben. Sie k\u00f6nnen auch verlangen, dass wir alle personenbezogenen Daten l\u00f6schen, die wir \u00fcber Sie gespeichert haben. Dies umfasst keine Daten, die wir aus administrativen, rechtlichen oder Sicherheitsgr\u00fcnden aufbewahren m\u00fcssen. Besucherkommentare k\u00f6nnen durch einen automatisierten Spam-Erkennungsdienst geleitet werden.<\/span><\/p>\r\n<h2>\u00a0<\/h2>\r\n<p><b>Wie sichern wir Ihre Daten?<\/b><\/p>\r\n<p><span style=\"font-weight: 400;\">Sicherheitsma\u00dfnahmen wie die Zwei-Faktor-Authentifizierung sind bei PerformanceTrainers.nl an der Tagesordnung. Die Website ist gut gesichert. Bei Zweifeln \u00fcber Hacks oder Probleme werden wir alles tun, um Ihre E-Mail-Adresse und Ihren Namen zu sch\u00fctzen. Im Zweifelsfall mailen Sie an info@performancetrainers.nl<\/span><\/p>","protected":false},"excerpt":{"rendered":"<p>We houden rekening met de wetgeving rondom onze privacy. We noemen dit AVG-proof. Op deze pagina vind je alle informatie [&hellip;]<\/p>\n","protected":false},"author":1,"featured_media":0,"parent":0,"menu_order":0,"comment_status":"closed","ping_status":"open","template":"","meta":{"footnotes":""},"class_list":["post-3","page","type-page","status-publish","hentry"],"yoast_head":"<!-- This site is optimized with the Yoast SEO plugin v27.4 - https:\/\/yoast.com\/product\/yoast-seo-wordpress\/ -->\n<title>Privacybeleid - PerformanceTrainers.nl<\/title>\n<meta name=\"robots\" content=\"index, follow, max-snippet:-1, max-image-preview:large, max-video-preview:-1\" \/>\n<link rel=\"canonical\" href=\"https:\/\/performancetrainers.nl\/de\/datenschutz-bestimmungen\" \/>\n<meta property=\"og:locale\" content=\"de_DE\" \/>\n<meta property=\"og:type\" content=\"article\" \/>\n<meta property=\"og:title\" content=\"Privacybeleid - PerformanceTrainers.nl\" \/>\n<meta property=\"og:description\" content=\"We houden rekening met de wetgeving rondom onze privacy. We noemen dit AVG-proof. Op deze pagina vind je alle informatie [&hellip;]\" \/>\n<meta property=\"og:url\" content=\"https:\/\/performancetrainers.nl\/de\/datenschutz-bestimmungen\" \/>\n<meta property=\"og:site_name\" content=\"PerformanceTrainers.nl\" \/>\n<meta property=\"article:modified_time\" content=\"2021-07-27T21:53:18+00:00\" \/>\n<meta name=\"twitter:card\" content=\"summary_large_image\" \/>\n<meta name=\"twitter:label1\" content=\"Gesch\u00e4tzte Lesezeit\" \/>\n\t<meta name=\"twitter:data1\" content=\"6\u00a0Minuten\" \/>\n<script type=\"application\/ld+json\" class=\"yoast-schema-graph\">{\"@context\":\"https:\\\/\\\/schema.org\",\"@graph\":[{\"@type\":\"WebPage\",\"@id\":\"https:\\\/\\\/performancetrainers.nl\\\/privacybeleid\",\"url\":\"https:\\\/\\\/performancetrainers.nl\\\/privacybeleid\",\"name\":\"Privacybeleid - PerformanceTrainers.nl\",\"isPartOf\":{\"@id\":\"https:\\\/\\\/performancetrainers.nl\\\/#website\"},\"datePublished\":\"2021-05-06T10:04:17+00:00\",\"dateModified\":\"2021-07-27T21:53:18+00:00\",\"breadcrumb\":{\"@id\":\"https:\\\/\\\/performancetrainers.nl\\\/privacybeleid#breadcrumb\"},\"inLanguage\":\"de\",\"potentialAction\":[{\"@type\":\"ReadAction\",\"target\":[\"https:\\\/\\\/performancetrainers.nl\\\/privacybeleid\"]}]},{\"@type\":\"BreadcrumbList\",\"@id\":\"https:\\\/\\\/performancetrainers.nl\\\/privacybeleid#breadcrumb\",\"itemListElement\":[{\"@type\":\"ListItem\",\"position\":1,\"name\":\"Home\",\"item\":\"https:\\\/\\\/performancetrainers.nl\\\/\"},{\"@type\":\"ListItem\",\"position\":2,\"name\":\"Privacybeleid\"}]},{\"@type\":\"WebSite\",\"@id\":\"https:\\\/\\\/performancetrainers.nl\\\/#website\",\"url\":\"https:\\\/\\\/performancetrainers.nl\\\/\",\"name\":\"PerformanceTrainers.nl\",\"description\":\"Train to improve\",\"potentialAction\":[{\"@type\":\"SearchAction\",\"target\":{\"@type\":\"EntryPoint\",\"urlTemplate\":\"https:\\\/\\\/performancetrainers.nl\\\/?s={search_term_string}\"},\"query-input\":{\"@type\":\"PropertyValueSpecification\",\"valueRequired\":true,\"valueName\":\"search_term_string\"}}],\"inLanguage\":\"de\"}]}<\/script>\n<!-- \/ Yoast SEO plugin. -->","yoast_head_json":{"title":"Datenschutzrichtlinie - PerformanceTrainers.nl","robots":{"index":"index","follow":"follow","max-snippet":"max-snippet:-1","max-image-preview":"max-image-preview:large","max-video-preview":"max-video-preview:-1"},"canonical":"https:\/\/performancetrainers.nl\/de\/datenschutz-bestimmungen","og_locale":"de_DE","og_type":"article","og_title":"Privacybeleid - PerformanceTrainers.nl","og_description":"We houden rekening met de wetgeving rondom onze privacy. We noemen dit AVG-proof. Op deze pagina vind je alle informatie [&hellip;]","og_url":"https:\/\/performancetrainers.nl\/de\/datenschutz-bestimmungen","og_site_name":"PerformanceTrainers.nl","article_modified_time":"2021-07-27T21:53:18+00:00","twitter_card":"summary_large_image","twitter_misc":{"Gesch\u00e4tzte Lesezeit":"6\u00a0Minuten"},"schema":{"@context":"https:\/\/schema.org","@graph":[{"@type":"WebPage","@id":"https:\/\/performancetrainers.nl\/privacybeleid","url":"https:\/\/performancetrainers.nl\/privacybeleid","name":"Datenschutzrichtlinie - PerformanceTrainers.nl","isPartOf":{"@id":"https:\/\/performancetrainers.nl\/#website"},"datePublished":"2021-05-06T10:04:17+00:00","dateModified":"2021-07-27T21:53:18+00:00","breadcrumb":{"@id":"https:\/\/performancetrainers.nl\/privacybeleid#breadcrumb"},"inLanguage":"de","potentialAction":[{"@type":"ReadAction","target":["https:\/\/performancetrainers.nl\/privacybeleid"]}]},{"@type":"BreadcrumbList","@id":"https:\/\/performancetrainers.nl\/privacybeleid#breadcrumb","itemListElement":[{"@type":"ListItem","position":1,"name":"Home","item":"https:\/\/performancetrainers.nl\/"},{"@type":"ListItem","position":2,"name":"Privacybeleid"}]},{"@type":"WebSite","@id":"https:\/\/performancetrainers.nl\/#website","url":"https:\/\/performancetrainers.nl\/","name":"PerformanceTrainers.nl","description":"Trainiere, um dich zu verbessern","potentialAction":[{"@type":"SearchAction","target":{"@type":"EntryPoint","urlTemplate":"https:\/\/performancetrainers.nl\/?s={search_term_string}"},"query-input":{"@type":"PropertyValueSpecification","valueRequired":true,"valueName":"search_term_string"}}],"inLanguage":"de"}]}},"_links":{"self":[{"href":"https:\/\/performancetrainers.nl\/de\/wp-json\/wp\/v2\/pages\/3","targetHints":{"allow":["GET"]}}],"collection":[{"href":"https:\/\/performancetrainers.nl\/de\/wp-json\/wp\/v2\/pages"}],"about":[{"href":"https:\/\/performancetrainers.nl\/de\/wp-json\/wp\/v2\/types\/page"}],"author":[{"embeddable":true,"href":"https:\/\/performancetrainers.nl\/de\/wp-json\/wp\/v2\/users\/1"}],"replies":[{"embeddable":true,"href":"https:\/\/performancetrainers.nl\/de\/wp-json\/wp\/v2\/comments?post=3"}],"version-history":[{"count":0,"href":"https:\/\/performancetrainers.nl\/de\/wp-json\/wp\/v2\/pages\/3\/revisions"}],"wp:attachment":[{"href":"https:\/\/performancetrainers.nl\/de\/wp-json\/wp\/v2\/media?parent=3"}],"curies":[{"name":"wp","href":"https:\/\/api.w.org\/{rel}","templated":true}]}}