{"id":327,"date":"2021-08-12T09:28:21","date_gmt":"2021-08-12T07:28:21","guid":{"rendered":"https:\/\/performancetrainers.nl\/?page_id=327"},"modified":"2021-08-12T09:28:21","modified_gmt":"2021-08-12T07:28:21","slug":"verzend-en-leveringsvoorwaarden","status":"publish","type":"page","link":"https:\/\/performancetrainers.nl\/de\/verzend-en-leveringsvoorwaarden","title":{"rendered":"Versand- und Lieferbedingungen"},"content":{"rendered":"<p>\u2013 Wenn Sie werktags vor 16.30 Uhr bestellen, bearbeiten wir Ihre Bestellung noch am selben Tag. Wenn Sie Ihre Bestellung am Wochenende aufgeben, wird sie PostNL am folgenden Montag nach dem Wochenende der Bestellung angeboten.<\/p>\n<p>Wij nemen eerst contact met U op om te overleggen wat uw wensen zijn mocht het product bij ons zijn uitverkocht.<\/p>\n<p>\u2013 Produkte, die nicht auf Lager sind, k\u00f6nnen in der Regel nachgeliefert werden.<\/p>\n<p>&#8211; Zodra wij uw pakket aanbieden bij PostNL wordt het door hen verwerkt in hun systeem. U krijgt een track &amp; trace code opgestuurd per mail. Ook krijgt U van ons een email bericht dat uw pakket aangeboden is bij PostNL. Mocht U nu geen bericht vinden in uw email, kijkt U dan even in uw spam berichten. Wellicht is het bericht hierin terechtgekomen. Als dit niet het geval is, neemt U dan contact met ons op.<\/p>\n<p>&#8211; U begrijpt dat wij geen invloed hebben op de levering van uw pakket door PostNL. De levering is afhankelijk van de drukte bij hen. Is uw pakket niet afgeleverd ondanks de track &amp; trace code, neemt U dan meteen contact met ons op. Wij gaan er meteen achter aan voor U. Natuurlijk zijn bij gebreken hierin de kosten geheel voor onze rekening.<\/p>\n<p>&#8211; De leveringstijden van PostNL bedragen in Nederland ongeveer 1 tot 2 werkdagen, afhankelijk van de drukte bij hen. Naar Belgi\u00eb en Luxemburg kunnen de leveringstijden 2 tot 3 werkdagen duren, wederom afhankelijk van de drukte bij PostNL.<\/p>\n<p>&#8211; De bezorgkosten voor Nederland bedragen \u20ac 4,10 voor brievenbuspakketten. De verzendkosten voor pakketten bedragen \u20ac 6,15.<\/p>\n<p>&#8211; Voor Belgi\u00eb en Duitsland zijn de bezorgkosten \u20ac 9,00 voor pakketten.<\/p>\n<p>&#8211; Aflevering van het pakket vindt plaats op het adres dat bij bestelling aan ons is doorgegeven.<\/p>\n<p>&#8211; Wanneer U een bestelling plaatst bij ons boven de \u20ac 50,00 zijn de verzendkosten voor onze rekening en is de verzending voor U dus gratis. Dit geldt zowel voor Nederlandse klanten als klanten uit Belgi\u00eb en Duitsland!<\/p>\n<p>&#8211; De volgende mogelijkheden van verzending zijn:<\/p>\n<p>* Uw pakket verzenden via PostNL,<\/p>\n<p>* Uw pakket afhalen bij een PostNL servicepunt bij U in de buurt (kijkt U wel naar de openingstijden van dit servicepunt wanneer U uw pakket kunt ophalen bij hen)<\/p>\n<p>Heeft U verder nog vragen, mailt u dan even naar <a href=\"mailto:info@performancetrainers.nl\">info@performancetrainers.nl<\/a><\/p>\n<p>&nbsp;<\/p>\n<p><strong>Retourpolicy<\/strong><br \/>\nMocht je niet tevreden zijn over het product, dan kan het product binnen 14 dagen teruggestuurd worden naar:<\/p>\n<p>PerformanceTrainers.nl\u00a0Dorpsweg 62\u00a04221 LH Hoogblokland<br \/>\nGeben Sie den Grund f\u00fcr die R\u00fccksendung und Ihre Bestellnummer an. Sie werden dann innerhalb weniger Tage kontaktiert. Bitte stellen Sie sicher, dass das Produkt in der Originalverpackung zur\u00fcckgesendet wird.<\/p>\n<p>&nbsp;<\/p>\n<p>Schaden. Wenn das Produkt besch\u00e4digt ankommt, kontaktieren Sie uns bitte umgehend\u00a0<a href=\"mailto:info@performancetrainers.nl\">info@performancetrainers.nl<\/a>. Melden Sie das Problem und die Bestellnummer. Sch\u00e4den - wenn sie innerhalb von 2 Tagen nach Erhalt gemeldet werden - werden 100% erstattet. Nach 2 Tagen nach Erhalt ist es nicht mehr m\u00f6glich, Sch\u00e4den zu melden und eine R\u00fcckerstattung zu erhalten.<\/p>\n<p>&nbsp;<\/p>","protected":false},"excerpt":{"rendered":"<p>&#8211; Wanneer U bestelt op werkdagen voor 16.30 uur verwerken wij uw bestelling dezelfde dag nog. Wanneer U uw bestelling [&hellip;]<\/p>\n","protected":false},"author":1,"featured_media":0,"parent":0,"menu_order":0,"comment_status":"closed","ping_status":"closed","template":"","meta":{"footnotes":""},"class_list":["post-327","page","type-page","status-publish","hentry"],"yoast_head":"<!-- This site is optimized with the Yoast SEO plugin v27.3 - https:\/\/yoast.com\/product\/yoast-seo-wordpress\/ -->\n<title>Verzend- en leveringsvoorwaarden - PerformanceTrainers.nl<\/title>\n<meta name=\"robots\" content=\"index, follow, max-snippet:-1, max-image-preview:large, max-video-preview:-1\" \/>\n<link rel=\"canonical\" href=\"https:\/\/performancetrainers.nl\/de\/verzend-en-leveringsvoorwaarden\" \/>\n<meta property=\"og:locale\" content=\"de_DE\" \/>\n<meta property=\"og:type\" content=\"article\" \/>\n<meta property=\"og:title\" content=\"Verzend- en leveringsvoorwaarden - PerformanceTrainers.nl\" \/>\n<meta property=\"og:description\" content=\"&#8211; Wanneer U bestelt op werkdagen voor 16.30 uur verwerken wij uw bestelling dezelfde dag nog. Wanneer U uw bestelling [&hellip;]\" \/>\n<meta property=\"og:url\" content=\"https:\/\/performancetrainers.nl\/de\/verzend-en-leveringsvoorwaarden\" \/>\n<meta property=\"og:site_name\" content=\"PerformanceTrainers.nl\" \/>\n<meta name=\"twitter:card\" content=\"summary_large_image\" \/>\n<meta name=\"twitter:label1\" content=\"Gesch\u00e4tzte Lesezeit\" \/>\n\t<meta name=\"twitter:data1\" content=\"2\u00a0Minuten\" \/>\n<script type=\"application\/ld+json\" class=\"yoast-schema-graph\">{\"@context\":\"https:\\\/\\\/schema.org\",\"@graph\":[{\"@type\":\"WebPage\",\"@id\":\"https:\\\/\\\/performancetrainers.nl\\\/verzend-en-leveringsvoorwaarden\",\"url\":\"https:\\\/\\\/performancetrainers.nl\\\/verzend-en-leveringsvoorwaarden\",\"name\":\"Verzend- en leveringsvoorwaarden - PerformanceTrainers.nl\",\"isPartOf\":{\"@id\":\"https:\\\/\\\/performancetrainers.nl\\\/#website\"},\"datePublished\":\"2021-08-12T07:28:21+00:00\",\"breadcrumb\":{\"@id\":\"https:\\\/\\\/performancetrainers.nl\\\/verzend-en-leveringsvoorwaarden#breadcrumb\"},\"inLanguage\":\"de\",\"potentialAction\":[{\"@type\":\"ReadAction\",\"target\":[\"https:\\\/\\\/performancetrainers.nl\\\/verzend-en-leveringsvoorwaarden\"]}]},{\"@type\":\"BreadcrumbList\",\"@id\":\"https:\\\/\\\/performancetrainers.nl\\\/verzend-en-leveringsvoorwaarden#breadcrumb\",\"itemListElement\":[{\"@type\":\"ListItem\",\"position\":1,\"name\":\"Home\",\"item\":\"https:\\\/\\\/performancetrainers.nl\\\/\"},{\"@type\":\"ListItem\",\"position\":2,\"name\":\"Verzend- en leveringsvoorwaarden\"}]},{\"@type\":\"WebSite\",\"@id\":\"https:\\\/\\\/performancetrainers.nl\\\/#website\",\"url\":\"https:\\\/\\\/performancetrainers.nl\\\/\",\"name\":\"PerformanceTrainers.nl\",\"description\":\"Train to improve\",\"potentialAction\":[{\"@type\":\"SearchAction\",\"target\":{\"@type\":\"EntryPoint\",\"urlTemplate\":\"https:\\\/\\\/performancetrainers.nl\\\/?s={search_term_string}\"},\"query-input\":{\"@type\":\"PropertyValueSpecification\",\"valueRequired\":true,\"valueName\":\"search_term_string\"}}],\"inLanguage\":\"de\"}]}<\/script>\n<!-- \/ Yoast SEO plugin. -->","yoast_head_json":{"title":"Verzend- en leveringsvoorwaarden - PerformanceTrainers.nl","robots":{"index":"index","follow":"follow","max-snippet":"max-snippet:-1","max-image-preview":"max-image-preview:large","max-video-preview":"max-video-preview:-1"},"canonical":"https:\/\/performancetrainers.nl\/de\/verzend-en-leveringsvoorwaarden","og_locale":"de_DE","og_type":"article","og_title":"Verzend- en leveringsvoorwaarden - PerformanceTrainers.nl","og_description":"&#8211; Wanneer U bestelt op werkdagen voor 16.30 uur verwerken wij uw bestelling dezelfde dag nog. Wanneer U uw bestelling [&hellip;]","og_url":"https:\/\/performancetrainers.nl\/de\/verzend-en-leveringsvoorwaarden","og_site_name":"PerformanceTrainers.nl","twitter_card":"summary_large_image","twitter_misc":{"Gesch\u00e4tzte Lesezeit":"2\u00a0Minuten"},"schema":{"@context":"https:\/\/schema.org","@graph":[{"@type":"WebPage","@id":"https:\/\/performancetrainers.nl\/verzend-en-leveringsvoorwaarden","url":"https:\/\/performancetrainers.nl\/verzend-en-leveringsvoorwaarden","name":"Verzend- en leveringsvoorwaarden - PerformanceTrainers.nl","isPartOf":{"@id":"https:\/\/performancetrainers.nl\/#website"},"datePublished":"2021-08-12T07:28:21+00:00","breadcrumb":{"@id":"https:\/\/performancetrainers.nl\/verzend-en-leveringsvoorwaarden#breadcrumb"},"inLanguage":"de","potentialAction":[{"@type":"ReadAction","target":["https:\/\/performancetrainers.nl\/verzend-en-leveringsvoorwaarden"]}]},{"@type":"BreadcrumbList","@id":"https:\/\/performancetrainers.nl\/verzend-en-leveringsvoorwaarden#breadcrumb","itemListElement":[{"@type":"ListItem","position":1,"name":"Home","item":"https:\/\/performancetrainers.nl\/"},{"@type":"ListItem","position":2,"name":"Verzend- en leveringsvoorwaarden"}]},{"@type":"WebSite","@id":"https:\/\/performancetrainers.nl\/#website","url":"https:\/\/performancetrainers.nl\/","name":"PerformanceTrainers.nl","description":"Trainiere, um dich zu verbessern","potentialAction":[{"@type":"SearchAction","target":{"@type":"EntryPoint","urlTemplate":"https:\/\/performancetrainers.nl\/?s={search_term_string}"},"query-input":{"@type":"PropertyValueSpecification","valueRequired":true,"valueName":"search_term_string"}}],"inLanguage":"de"}]}},"_links":{"self":[{"href":"https:\/\/performancetrainers.nl\/de\/wp-json\/wp\/v2\/pages\/327","targetHints":{"allow":["GET"]}}],"collection":[{"href":"https:\/\/performancetrainers.nl\/de\/wp-json\/wp\/v2\/pages"}],"about":[{"href":"https:\/\/performancetrainers.nl\/de\/wp-json\/wp\/v2\/types\/page"}],"author":[{"embeddable":true,"href":"https:\/\/performancetrainers.nl\/de\/wp-json\/wp\/v2\/users\/1"}],"replies":[{"embeddable":true,"href":"https:\/\/performancetrainers.nl\/de\/wp-json\/wp\/v2\/comments?post=327"}],"version-history":[{"count":0,"href":"https:\/\/performancetrainers.nl\/de\/wp-json\/wp\/v2\/pages\/327\/revisions"}],"wp:attachment":[{"href":"https:\/\/performancetrainers.nl\/de\/wp-json\/wp\/v2\/media?parent=327"}],"curies":[{"name":"wp","href":"https:\/\/api.w.org\/{rel}","templated":true}]}}